{"id":443,"date":"2026-03-03T21:55:39","date_gmt":"2026-03-03T20:55:39","guid":{"rendered":"https:\/\/listina.ai\/regisztracio\/"},"modified":"2026-03-19T13:41:08","modified_gmt":"2026-03-19T12:41:08","slug":"regisztracio","status":"publish","type":"page","link":"https:\/\/listina.ai\/hu-sk\/regisztracio\/","title":{"rendered":"Regisztr\u00e1ci\u00f3"},"content":{"rendered":"\n<p>K\u00f6sz\u00f6nj\u00fck, hogy \u00e9rdekl\u0151dik az irat.ai rendszer ir\u00e1nt! K\u00e9rj\u00fck, v\u00e1lasszon felhaszn\u00e1l\u00f3nevet, adja meg e-mail c\u00edm\u00e9t, v\u00e1lasszon jelsz\u00f3t \u00e9s adja meg a sz\u00e1ml\u00e1z\u00e1si adatait, hogy az ingyenes csomaghoz hozz\u00e1f\u00e9rhessen \u00e9s kipr\u00f3b\u00e1lhassa a rendszert.<\/p>\n<section style=\"--irat-info-bg:#F4F7FB;--irat-info-stripe:#7BA7D8;\" class=\"irat-info-box wp-block-irat-companion-info-box\" data-irat-info-box=\"1\" data-irat-dismiss-key=\"ffb3dcbae450\">\n\t\t\t<div class=\"irat-info-box__stripe\" aria-hidden=\"true\"><\/div>\n\t\t\t<div class=\"irat-info-box__content\">\n\t\t\t\t<div class=\"irat-info-box__body\">\n\t\t\t\t\t\t\t\t\t\t<div class=\"irat-info-box__text\">\n\t\t\t\t\t\t\t\t\t\t\t\t\t<h3 class=\"irat-info-box__title\">Ingyenes csomag<\/h3>\n\t\t\t\t\t\t\t\t\t\t\t\t\t\t\t\t\t\t\t<div class=\"irat-info-box__html\">A regisztr\u00e1ci\u00f3val hozz\u00e1f\u00e9r\u00e9st szerez az ingyenes csomaghoz. Ez nem j\u00e1r semmilyen elk\u00f6telez\u0151d\u00e9ssel. A sz\u00e1ml\u00e1z\u00e1si adatait is csak az\u00e9rt k\u00e9rj\u00fck most be, mert ezek az adatok sz\u00fcks\u00e9gesek a fi\u00f3k l\u00e9trehoz\u00e1s\u00e1hoz a rendszerben. Most nem fogunk \u00d6nnek sz\u00e1ml\u00e1t k\u00fcldeni, a regisztr\u00e1ci\u00f3 \u00e9s az ingyenes csomag t\u00e9r\u00edt\u00e9smentes. A k\u00e9s\u0151bbiekben viszont m\u00e1r nem kell \u00fajra megadnia a sz\u00e1ml\u00e1z\u00e1si adatokat. Ha sz\u00fcks\u00e9ges, a regisztr\u00e1ci\u00f3 \u00e9s a bel\u00e9p\u00e9s ut\u00e1n fogja tudni m\u00e9g m\u00f3dos\u00edtani ezeket.<\/div>\n\t\t\t\t\t\t\t\t\t\t\t<\/div>\n\t\t\t\t<\/div>\n\t\t\t<\/div>\n\t\t\t\t\t<\/section>        <div class=\"enur-registration-container woocommerce\">\r\n            <form id=\"enur-registration-form\" class=\"enur-registration-form woocommerce-form woocommerce-form-register register\" method=\"post\" novalidate> \r\n                <div id=\"enur-form-messages\" class=\"enur-form-messages woocommerce-notices-wrapper\" aria-live=\"polite\"><\/div>\r\n\r\n                                <fieldset class=\"enur-account-fields\">\r\n                                            <legend>Account Details<\/legend>\r\n                                                        <p class=\"woocommerce-form-row woocommerce-form-row--wide form-row form-row-wide\">\r\n                    <label for=\"enur_user_login\">Username&nbsp;<span class=\"required\">*<\/span><\/label>\r\n                    <input type=\"text\" class=\"woocommerce-Input woocommerce-Input--text input-text\" name=\"user_login\" id=\"enur_user_login\" autocomplete=\"username\" value=\"\" required aria-required=\"true\" \/>\r\n                    <span class=\"enur-error-placeholder\" data-field=\"user_login\"><\/span>\r\n                <\/p>\r\n                                <p class=\"woocommerce-form-row woocommerce-form-row--wide form-row form-row-wide\">\r\n                    <label for=\"enur_user_email\">Email address&nbsp;<span class=\"required\">*<\/span><\/label>\r\n                    <input type=\"email\" class=\"woocommerce-Input woocommerce-Input--text input-text\" name=\"user_email\" id=\"enur_user_email\" autocomplete=\"email\" value=\"\" required aria-required=\"true\" \/>\r\n                    <span class=\"enur-error-placeholder\" data-field=\"user_email\"><\/span>\r\n                <\/p>\r\n                                <p class=\"woocommerce-form-row woocommerce-form-row--wide form-row form-row-wide enur-password-row\">\r\n                    <label for=\"enur_user_pass\">Password&nbsp;<span class=\"required\">*<\/span><\/label>\r\n                    <input type=\"password\" class=\"woocommerce-Input woocommerce-Input--text input-text enur-password-input\" name=\"user_pass\" id=\"enur_user_pass\" autocomplete=\"new-password\" required aria-required=\"true\" \/>\r\n                    <span class=\"enur-error-placeholder\" data-field=\"user_pass\"><\/span>\r\n                <\/p>\r\n                <div id=\"password-strength\" aria-live=\"polite\"><\/div>                <p class=\"woocommerce-form-row woocommerce-form-row--wide form-row form-row-wide enur-password-row\">\r\n                    <label for=\"enur_user_pass_confirm\">Confirm password&nbsp;<span class=\"required\">*<\/span><\/label>\r\n                    <input type=\"password\" class=\"woocommerce-Input woocommerce-Input--text input-text enur-password-input\" name=\"user_pass_confirm\" id=\"enur_user_pass_confirm\" autocomplete=\"new-password\" required aria-required=\"true\" \/>\r\n                    <span class=\"enur-error-placeholder\" data-field=\"user_pass_confirm\"><\/span>\r\n                <\/p>\r\n                                <p class=\"woocommerce-form-row woocommerce-form-row--wide form-row form-row-wide\">\r\n                    <label for=\"enur_entel_aff_code\">\r\n                        Megh\u00edv\u00f3k\u00f3d (nem k\u00f6telez\u0151)                                            <\/label>\r\n                    <input type=\"text\"\r\n                           class=\"woocommerce-Input woocommerce-Input--text input-text\"\r\n                           name=\"entel_aff_code\"\r\n                           id=\"enur_entel_aff_code\"\r\n                           value=\"\"\r\n                            \/>\r\n                    <span class=\"enur-error-placeholder\" data-field=\"entel_aff_code\"><\/span>\r\n                <\/p>\r\n                                <\/fieldset>\r\n\r\n                <fieldset class=\"enur-billing-fields\">\r\n                                            <legend>Billing Details<\/legend>\r\n                                        <div class=\"woocommerce-billing-fields__field-wrapper\"><input type=\"hidden\" id=\"billing_first_name\" name=\"billing_first_name\" value=\"\" class=\"form-row-first\" \/><p class=\"form-row form-row-wide validate-required\" id=\"billing_company_field\" data-priority=\"10\"><label for=\"billing_company\" class=\"required_field\">Municipality \/ Legal entity&nbsp;<span class=\"required\" aria-hidden=\"true\">*<\/span><\/label><span class=\"woocommerce-input-wrapper\"><input type=\"text\" class=\"input-text \" name=\"billing_company\" id=\"billing_company\" placeholder=\"\"  value=\"\" aria-required=\"true\" autocomplete=\"organization\" \/><\/span><\/p><input type=\"hidden\" id=\"billing_last_name\" name=\"billing_last_name\" value=\"\" class=\"form-row-last\" \/><p class=\"form-row form-row-wide address-field validate-required\" id=\"billing_city_field\" data-priority=\"20\"><label for=\"billing_city\" class=\"required_field\">City \/ Town&nbsp;<span class=\"required\" aria-hidden=\"true\">*<\/span><\/label><span class=\"woocommerce-input-wrapper\"><input type=\"text\" class=\"input-text \" name=\"billing_city\" id=\"billing_city\" placeholder=\"\"  value=\"\" aria-required=\"true\" autocomplete=\"address-level2\" \/><\/span><\/p><p class=\"form-row form-row-wide address-field validate-required\" id=\"billing_address_1_field\" data-priority=\"30\"><label for=\"billing_address_1\" class=\"required_field\">Sz\u00e9khely (utca, h\u00e1zsz\u00e1m)&nbsp;<span class=\"required\" aria-hidden=\"true\">*<\/span><\/label><span class=\"woocommerce-input-wrapper\"><input type=\"text\" class=\"input-text \" name=\"billing_address_1\" id=\"billing_address_1\" placeholder=\"Street, house number\"  value=\"\" aria-required=\"true\" autocomplete=\"address-line1\" \/><\/span><\/p><p class=\"form-row form-row-wide address-field validate-state\" id=\"billing_state_field\" data-priority=\"40\"><label for=\"billing_state\" class=\"\">Megye&nbsp;<span class=\"optional\">(optional)<\/span><\/label><span class=\"woocommerce-input-wrapper\"><input type=\"text\" class=\"input-text \" value=\"\"  placeholder=\"Select a county&hellip;\" name=\"billing_state\" id=\"billing_state\" autocomplete=\"address-level1\" data-input-classes=\"\"\/><\/span><\/p><p class=\"form-row form-row-wide address-field validate-required validate-postcode\" id=\"billing_postcode_field\" data-priority=\"50\"><label for=\"billing_postcode\" class=\"required_field\">Postcode \/ ZIP&nbsp;<span class=\"required\" aria-hidden=\"true\">*<\/span><\/label><span class=\"woocommerce-input-wrapper\"><input type=\"text\" class=\"input-text \" name=\"billing_postcode\" id=\"billing_postcode\" placeholder=\"\"  value=\"\" aria-required=\"true\" autocomplete=\"postal-code\" \/><\/span><\/p><p class=\"form-row form-row-wide address-field update_totals_on_change validate-required\" id=\"billing_country_field\" data-priority=\"60\"><label for=\"billing_country\" class=\"required_field\">Country&nbsp;<span class=\"required\" aria-hidden=\"true\">*<\/span><\/label><span class=\"woocommerce-input-wrapper\"><select name=\"billing_country\" id=\"billing_country\" class=\"country_to_state country_select \" aria-required=\"true\" autocomplete=\"country\" data-placeholder=\"Select a country \/ region&hellip;\" data-label=\"Country\"><option value=\"\">Select a country \/ region&hellip;<\/option><option value=\"CZ\" >Czech Republic<\/option><option value=\"HR\" >Croatia<\/option><option value=\"RO\" >Romania<\/option><option value=\"SK\" >Slovakia<\/option><\/select><noscript><button type=\"submit\" name=\"woocommerce_checkout_update_totals\" value=\"Update country \/ region\">Update country \/ region<\/button><\/noscript><\/span><\/p><p class=\"form-row form-row-wide\" id=\"billing_eu_vat_number_field\" data-priority=\"70\"><label for=\"billing_eu_vat_number\" class=\"\">EU ad\u00f3sz\u00e1m&nbsp;<span class=\"optional\">(optional)<\/span><\/label><span class=\"woocommerce-input-wrapper\"><input type=\"text\" class=\"input-text \" name=\"billing_eu_vat_number\" id=\"billing_eu_vat_number\" placeholder=\"pl. HU12345678 (opcion\u00e1lis)\"  value=\"\"  \/><\/span><\/p><p class=\"form-row form-row-wide validate-required validate-phone\" id=\"billing_phone_field\" data-priority=\"80\"><label for=\"billing_phone\" class=\"required_field\">Phone number&nbsp;<span class=\"required\" aria-hidden=\"true\">*<\/span><\/label><span class=\"woocommerce-input-wrapper\"><input type=\"tel\" class=\"input-text \" name=\"billing_phone\" id=\"billing_phone\" placeholder=\"\"  value=\"\" aria-required=\"true\" autocomplete=\"tel\" \/><\/span><\/p><\/div>                <\/fieldset>\r\n\r\n                                    <div class=\"enur-turnstile-container form-row\">\r\n                        <div class=\"cf-turnstile enur-turnstile-widget\" id=\"enur-turnstile-widget-id\" data-sitekey=\"0x4AAAAAAClxusUGU3e_CYGX\" data-theme=\"auto\" data-appearance=\"always\" data-action=\"enur_registration\" data-callback=\"enurTurnstileSuccessCallback\" data-error-callback=\"enurTurnstileErrorCallback\" data-expired-callback=\"enurTurnstileExpiredCallback\"><\/div><script>(function(){var w=document.getElementById(\"enur-turnstile-widget-id\");if(w&&w.getAttribute(\"data-theme\")===\"auto\"){var d=document.documentElement.getAttribute(\"data-theme\")===\"dark\";w.setAttribute(\"data-theme\",d?\"dark\":\"light\");}})();<\/script>                        <span class=\"enur-error-placeholder\" data-field=\"turnstile\"><\/span>\r\n                    <\/div>\r\n                \r\n                <p class=\"woocommerce-form-row form-row enur-submit-row\">\r\n                    <input type=\"hidden\" id=\"enur_ajax_register_nonce\" name=\"enur_ajax_register_nonce\" value=\"518d070b3e\" \/><input type=\"hidden\" name=\"_wp_http_referer\" value=\"\/hu-sk\/wp-json\/wp\/v2\/pages\/443\" \/>                    <input type=\"hidden\" name=\"action\" value=\"enur_ajax_register\">\r\n                    <button type=\"submit\" class=\"woocommerce-Button woocommerce-button button woocommerce-form-register__submit enur-submit-button\" id=\"enur-submit-button\" name=\"register\" value=\"Register\">\r\n                        Register                    <\/button>\r\n                <\/p>\r\n\r\n            <\/form>\r\n        <\/div>\r\n        \n\n<p><\/p>\n","protected":false},"excerpt":{"rendered":"<p>K\u00f6sz\u00f6nj\u00fck, hogy \u00e9rdekl\u0151dik az irat.ai rendszer ir\u00e1nt! K\u00e9rj\u00fck, v\u00e1lasszon felhaszn\u00e1l\u00f3nevet, adja meg e-mail c\u00edm\u00e9t, v\u00e1lasszon jelsz\u00f3t \u00e9s adja meg a sz\u00e1ml\u00e1z\u00e1si adatait, hogy az ingyenes csomaghoz hozz\u00e1f\u00e9rhessen \u00e9s kipr\u00f3b\u00e1lhassa a rendszert.<\/p>\n","protected":false},"author":1,"featured_media":0,"parent":0,"menu_order":0,"comment_status":"closed","ping_status":"closed","template":"","meta":{"footnotes":""},"class_list":["post-443","page","type-page","status-publish","hentry"],"_links":{"self":[{"href":"https:\/\/listina.ai\/hu-sk\/wp-json\/wp\/v2\/pages\/443","targetHints":{"allow":["GET"]}}],"collection":[{"href":"https:\/\/listina.ai\/hu-sk\/wp-json\/wp\/v2\/pages"}],"about":[{"href":"https:\/\/listina.ai\/hu-sk\/wp-json\/wp\/v2\/types\/page"}],"author":[{"embeddable":true,"href":"https:\/\/listina.ai\/hu-sk\/wp-json\/wp\/v2\/users\/1"}],"replies":[{"embeddable":true,"href":"https:\/\/listina.ai\/hu-sk\/wp-json\/wp\/v2\/comments?post=443"}],"version-history":[{"count":1,"href":"https:\/\/listina.ai\/hu-sk\/wp-json\/wp\/v2\/pages\/443\/revisions"}],"predecessor-version":[{"id":444,"href":"https:\/\/listina.ai\/hu-sk\/wp-json\/wp\/v2\/pages\/443\/revisions\/444"}],"wp:attachment":[{"href":"https:\/\/listina.ai\/hu-sk\/wp-json\/wp\/v2\/media?parent=443"}],"curies":[{"name":"wp","href":"https:\/\/api.w.org\/{rel}","templated":true}]}}