{"id":429,"date":"2026-03-03T21:55:39","date_gmt":"2026-03-03T20:55:39","guid":{"rendered":"https:\/\/listina.ai\/registracia\/"},"modified":"2026-03-19T11:39:03","modified_gmt":"2026-03-19T10:39:03","slug":"registracia","status":"publish","type":"page","link":"https:\/\/listina.ai\/sk\/registracia\/","title":{"rendered":"Registr\u00e1cia"},"content":{"rendered":"\n<p>\u010eakujeme za v\u00e1\u0161 z\u00e1ujem o syst\u00e9m irat.ai! Pros\u00edm, zvo\u013ete si pou\u017e\u00edvate\u013esk\u00e9 meno, zadajte svoju e-mailov\u00fa adresu, zvo\u013ete si heslo a zadajte svoje faktura\u010dn\u00e9 \u00fadaje, aby ste z\u00edskali pr\u00edstup k bezplatn\u00e9mu bal\u00edku a mohli si syst\u00e9m vysk\u00fa\u0161a\u0165.<\/p>\n<section style=\"--irat-info-bg:#F4F7FB;--irat-info-stripe:#7BA7D8;\" class=\"irat-info-box wp-block-irat-companion-info-box\" data-irat-info-box=\"1\" data-irat-dismiss-key=\"6e3edb7745bc\">\n\t\t\t<div class=\"irat-info-box__stripe\" aria-hidden=\"true\"><\/div>\n\t\t\t<div class=\"irat-info-box__content\">\n\t\t\t\t<div class=\"irat-info-box__body\">\n\t\t\t\t\t\t\t\t\t\t<div class=\"irat-info-box__text\">\n\t\t\t\t\t\t\t\t\t\t\t\t\t<h3 class=\"irat-info-box__title\">Bezplatn\u00fd bal\u00edk<\/h3>\n\t\t\t\t\t\t\t\t\t\t\t\t\t\t\t\t\t\t\t<div class=\"irat-info-box__html\">Registr\u00e1ciou z\u00edskate pr\u00edstup k bezplatn\u00e9mu bal\u00edku. Toto so sebou neprin\u00e1\u0161a \u017eiadne z\u00e1v\u00e4zky. Va\u0161e faktura\u010dn\u00e9 \u00fadaje po\u017eadujeme teraz len preto, \u017ee s\u00fa tieto \u00fadaje potrebn\u00e9 na vytvorenie \u00fa\u010dtu v syst\u00e9me. Teraz v\u00e1m nebudeme posiela\u0165 fakt\u00faru, registr\u00e1cia a bezplatn\u00fd bal\u00edk s\u00fa bezplatn\u00e9. Nesk\u00f4r v\u0161ak u\u017e nebudete musie\u0165 znova zad\u00e1va\u0165 faktura\u010dn\u00e9 \u00fadaje. V pr\u00edpade potreby ich budete m\u00f4c\u0165 upravi\u0165 po registr\u00e1cii a prihl\u00e1sen\u00ed.<\/div>\n\t\t\t\t\t\t\t\t\t\t\t<\/div>\n\t\t\t\t<\/div>\n\t\t\t<\/div>\n\t\t\t\t\t<\/section>        <div class=\"enur-registration-container woocommerce\">\r\n            <form id=\"enur-registration-form\" class=\"enur-registration-form woocommerce-form woocommerce-form-register register\" method=\"post\" novalidate> \r\n                <div id=\"enur-form-messages\" class=\"enur-form-messages woocommerce-notices-wrapper\" aria-live=\"polite\"><\/div>\r\n\r\n                                <fieldset class=\"enur-account-fields\">\r\n                                            <legend>\u00dadaje \u00fa\u010dtu<\/legend>\r\n                                                        <p class=\"woocommerce-form-row woocommerce-form-row--wide form-row form-row-wide\">\r\n                    <label for=\"enur_user_login\">Pou\u017e\u00edvate\u013esk\u00e9 meno&nbsp;<span class=\"required\">*<\/span><\/label>\r\n                    <input type=\"text\" class=\"woocommerce-Input woocommerce-Input--text input-text\" name=\"user_login\" id=\"enur_user_login\" autocomplete=\"username\" value=\"\" required aria-required=\"true\" \/>\r\n                    <span class=\"enur-error-placeholder\" data-field=\"user_login\"><\/span>\r\n                <\/p>\r\n                                <p class=\"woocommerce-form-row woocommerce-form-row--wide form-row form-row-wide\">\r\n                    <label for=\"enur_user_email\">E-mailov\u00e1 adresa&nbsp;<span class=\"required\">*<\/span><\/label>\r\n                    <input type=\"email\" class=\"woocommerce-Input woocommerce-Input--text input-text\" name=\"user_email\" id=\"enur_user_email\" autocomplete=\"email\" value=\"\" required aria-required=\"true\" \/>\r\n                    <span class=\"enur-error-placeholder\" data-field=\"user_email\"><\/span>\r\n                <\/p>\r\n                                <p class=\"woocommerce-form-row woocommerce-form-row--wide form-row form-row-wide enur-password-row\">\r\n                    <label for=\"enur_user_pass\">Heslo&nbsp;<span class=\"required\">*<\/span><\/label>\r\n                    <input type=\"password\" class=\"woocommerce-Input woocommerce-Input--text input-text enur-password-input\" name=\"user_pass\" id=\"enur_user_pass\" autocomplete=\"new-password\" required aria-required=\"true\" \/>\r\n                    <span class=\"enur-error-placeholder\" data-field=\"user_pass\"><\/span>\r\n                <\/p>\r\n                <div id=\"password-strength\" aria-live=\"polite\"><\/div>                <p class=\"woocommerce-form-row woocommerce-form-row--wide form-row form-row-wide enur-password-row\">\r\n                    <label for=\"enur_user_pass_confirm\">Potvr\u010fte heslo&nbsp;<span class=\"required\">*<\/span><\/label>\r\n                    <input type=\"password\" class=\"woocommerce-Input woocommerce-Input--text input-text enur-password-input\" name=\"user_pass_confirm\" id=\"enur_user_pass_confirm\" autocomplete=\"new-password\" required aria-required=\"true\" \/>\r\n                    <span class=\"enur-error-placeholder\" data-field=\"user_pass_confirm\"><\/span>\r\n                <\/p>\r\n                                <p class=\"woocommerce-form-row woocommerce-form-row--wide form-row form-row-wide\">\r\n                    <label for=\"enur_entel_aff_code\">\r\n                        Poz\u00fdvac\u00ed k\u00f3d (nepovinn\u00e9)                                            <\/label>\r\n                    <input type=\"text\"\r\n                           class=\"woocommerce-Input woocommerce-Input--text input-text\"\r\n                           name=\"entel_aff_code\"\r\n                           id=\"enur_entel_aff_code\"\r\n                           value=\"\"\r\n                            \/>\r\n                    <span class=\"enur-error-placeholder\" data-field=\"entel_aff_code\"><\/span>\r\n                <\/p>\r\n                                <\/fieldset>\r\n\r\n                <fieldset class=\"enur-billing-fields\">\r\n                                            <legend>Faktura\u010dn\u00e9 \u00fadaje<\/legend>\r\n                                        <div class=\"woocommerce-billing-fields__field-wrapper\"><input type=\"hidden\" id=\"billing_first_name\" name=\"billing_first_name\" value=\"\" class=\"form-row-first\" \/><p class=\"form-row form-row-wide validate-required\" id=\"billing_company_field\" data-priority=\"10\"><label for=\"billing_company\" class=\"required_field\">Obec \/ Pr\u00e1vnick\u00e1 osoba&nbsp;<span class=\"required\" aria-hidden=\"true\">*<\/span><\/label><span class=\"woocommerce-input-wrapper\"><input type=\"text\" class=\"input-text \" name=\"billing_company\" id=\"billing_company\" placeholder=\"\"  value=\"\" aria-required=\"true\" autocomplete=\"organization\" \/><\/span><\/p><input type=\"hidden\" id=\"billing_last_name\" name=\"billing_last_name\" value=\"\" class=\"form-row-last\" \/><p class=\"form-row form-row-wide address-field validate-required\" id=\"billing_city_field\" data-priority=\"20\"><label for=\"billing_city\" class=\"required_field\">Mesto \/ Obec&nbsp;<span class=\"required\" aria-hidden=\"true\">*<\/span><\/label><span class=\"woocommerce-input-wrapper\"><input type=\"text\" class=\"input-text \" name=\"billing_city\" id=\"billing_city\" placeholder=\"\"  value=\"\" aria-required=\"true\" autocomplete=\"address-level2\" \/><\/span><\/p><p class=\"form-row form-row-wide address-field validate-required\" id=\"billing_address_1_field\" data-priority=\"30\"><label for=\"billing_address_1\" class=\"required_field\">S\u00eddlo (ulica, \u010d\u00edslo domu)&nbsp;<span class=\"required\" aria-hidden=\"true\">*<\/span><\/label><span class=\"woocommerce-input-wrapper\"><input type=\"text\" class=\"input-text \" name=\"billing_address_1\" id=\"billing_address_1\" placeholder=\"Ulica, \u010d\u00edslo domu\"  value=\"\" aria-required=\"true\" autocomplete=\"address-line1\" \/><\/span><\/p><p class=\"form-row form-row-wide address-field validate-state\" id=\"billing_state_field\" data-priority=\"40\"><label for=\"billing_state\" class=\"\">Kraj&nbsp;<span class=\"optional\">(volite\u013en\u00e9)<\/span><\/label><span class=\"woocommerce-input-wrapper\"><input type=\"text\" class=\"input-text \" value=\"\"  placeholder=\"Vyberte kraj&hellip;\" name=\"billing_state\" id=\"billing_state\" autocomplete=\"address-level1\" data-input-classes=\"\"\/><\/span><\/p><p class=\"form-row form-row-wide address-field validate-required validate-postcode\" id=\"billing_postcode_field\" data-priority=\"50\"><label for=\"billing_postcode\" class=\"required_field\">PS\u010c&nbsp;<span class=\"required\" aria-hidden=\"true\">*<\/span><\/label><span class=\"woocommerce-input-wrapper\"><input type=\"text\" class=\"input-text \" name=\"billing_postcode\" id=\"billing_postcode\" placeholder=\"\"  value=\"\" aria-required=\"true\" autocomplete=\"postal-code\" \/><\/span><\/p><p class=\"form-row form-row-wide address-field update_totals_on_change validate-required\" id=\"billing_country_field\" data-priority=\"60\"><label for=\"billing_country\" class=\"required_field\">Krajina&nbsp;<span class=\"required\" aria-hidden=\"true\">*<\/span><\/label><span class=\"woocommerce-input-wrapper\"><select name=\"billing_country\" id=\"billing_country\" class=\"country_to_state country_select \" aria-required=\"true\" autocomplete=\"country\" data-placeholder=\"Vyberte krajinu \/ regi\u00f3n&hellip;\" data-label=\"Krajina\"><option value=\"\">Vyberte krajinu \/ regi\u00f3n&hellip;<\/option><option value=\"CZ\" >\u010cesk\u00e1 republika<\/option><option value=\"HR\" >Croatia<\/option><option value=\"RO\" >Romania<\/option><option value=\"SK\" >Slovensko<\/option><\/select><noscript><button type=\"submit\" name=\"woocommerce_checkout_update_totals\" value=\"Aktualizujte krajinu \/ regi\u00f3n\">Aktualizujte krajinu \/ regi\u00f3n<\/button><\/noscript><\/span><\/p><p class=\"form-row form-row-wide\" id=\"billing_eu_vat_number_field\" data-priority=\"70\"><label for=\"billing_eu_vat_number\" class=\"\">I\u010c DPH v E\u00da&nbsp;<span class=\"optional\">(volite\u013en\u00e9)<\/span><\/label><span class=\"woocommerce-input-wrapper\"><input type=\"text\" class=\"input-text \" name=\"billing_eu_vat_number\" id=\"billing_eu_vat_number\" placeholder=\"napr. SK2012345678 (volite\u013en\u00e9)\"  value=\"\"  \/><\/span><\/p><p class=\"form-row form-row-wide validate-required validate-phone\" id=\"billing_phone_field\" data-priority=\"80\"><label for=\"billing_phone\" class=\"required_field\">Telef\u00f3nne \u010d\u00edslo&nbsp;<span class=\"required\" aria-hidden=\"true\">*<\/span><\/label><span class=\"woocommerce-input-wrapper\"><input type=\"tel\" class=\"input-text \" name=\"billing_phone\" id=\"billing_phone\" placeholder=\"\"  value=\"\" aria-required=\"true\" autocomplete=\"tel\" \/><\/span><\/p><\/div>                <\/fieldset>\r\n\r\n                                    <div class=\"enur-turnstile-container form-row\">\r\n                        <div class=\"cf-turnstile enur-turnstile-widget\" id=\"enur-turnstile-widget-id\" data-sitekey=\"0x4AAAAAAClxusUGU3e_CYGX\" data-theme=\"auto\" data-appearance=\"always\" data-action=\"enur_registration\" data-callback=\"enurTurnstileSuccessCallback\" data-error-callback=\"enurTurnstileErrorCallback\" data-expired-callback=\"enurTurnstileExpiredCallback\"><\/div><script>(function(){var w=document.getElementById(\"enur-turnstile-widget-id\");if(w&&w.getAttribute(\"data-theme\")===\"auto\"){var d=document.documentElement.getAttribute(\"data-theme\")===\"dark\";w.setAttribute(\"data-theme\",d?\"dark\":\"light\");}})();<\/script>                        <span class=\"enur-error-placeholder\" data-field=\"turnstile\"><\/span>\r\n                    <\/div>\r\n                \r\n                <p class=\"woocommerce-form-row form-row enur-submit-row\">\r\n                    <input type=\"hidden\" id=\"enur_ajax_register_nonce\" name=\"enur_ajax_register_nonce\" value=\"518d070b3e\" \/><input type=\"hidden\" name=\"_wp_http_referer\" value=\"\/sk\/wp-json\/wp\/v2\/pages\/429\" \/>                    <input type=\"hidden\" name=\"action\" value=\"enur_ajax_register\">\r\n                    <button type=\"submit\" class=\"woocommerce-Button woocommerce-button button woocommerce-form-register__submit enur-submit-button\" id=\"enur-submit-button\" name=\"register\" value=\"Registrova\u0165\">\r\n                        Registrova\u0165                    <\/button>\r\n                <\/p>\r\n\r\n            <\/form>\r\n        <\/div>\r\n        \n\n<p><\/p>\n","protected":false},"excerpt":{"rendered":"<p>\u010eakujeme za v\u00e1\u0161 z\u00e1ujem o syst\u00e9m irat.ai! Pros\u00edm, zvo\u013ete si pou\u017e\u00edvate\u013esk\u00e9 meno, zadajte svoju e-mailov\u00fa adresu, zvo\u013ete si heslo a zadajte svoje faktura\u010dn\u00e9 \u00fadaje, aby ste z\u00edskali pr\u00edstup k bezplatn\u00e9mu bal\u00edku a mohli si syst\u00e9m vysk\u00fa\u0161a\u0165.<\/p>\n","protected":false},"author":1,"featured_media":0,"parent":0,"menu_order":0,"comment_status":"closed","ping_status":"closed","template":"","meta":{"footnotes":""},"class_list":["post-429","page","type-page","status-publish","hentry"],"_links":{"self":[{"href":"https:\/\/listina.ai\/sk\/wp-json\/wp\/v2\/pages\/429","targetHints":{"allow":["GET"]}}],"collection":[{"href":"https:\/\/listina.ai\/sk\/wp-json\/wp\/v2\/pages"}],"about":[{"href":"https:\/\/listina.ai\/sk\/wp-json\/wp\/v2\/types\/page"}],"author":[{"embeddable":true,"href":"https:\/\/listina.ai\/sk\/wp-json\/wp\/v2\/users\/1"}],"replies":[{"embeddable":true,"href":"https:\/\/listina.ai\/sk\/wp-json\/wp\/v2\/comments?post=429"}],"version-history":[{"count":1,"href":"https:\/\/listina.ai\/sk\/wp-json\/wp\/v2\/pages\/429\/revisions"}],"predecessor-version":[{"id":430,"href":"https:\/\/listina.ai\/sk\/wp-json\/wp\/v2\/pages\/429\/revisions\/430"}],"wp:attachment":[{"href":"https:\/\/listina.ai\/sk\/wp-json\/wp\/v2\/media?parent=429"}],"curies":[{"name":"wp","href":"https:\/\/api.w.org\/{rel}","templated":true}]}}